{"id":7079,"date":"2022-03-29T16:01:14","date_gmt":"2022-03-29T19:01:14","guid":{"rendered":"https:\/\/huevohost.com\/planes\/?page_id=7079"},"modified":"2024-01-04T09:38:04","modified_gmt":"2024-01-04T12:38:04","slug":"quienes-somos","status":"publish","type":"page","link":"https:\/\/huevohost.com\/planes\/quienes-somos\/","title":{"rendered":"Quienes Somos"},"content":{"rendered":"\t\t<div data-elementor-type=\"wp-page\" data-elementor-id=\"7079\" class=\"elementor elementor-7079\" data-elementor-post-type=\"page\">\n\t\t\t\t\t\t<section class=\"elementor-section elementor-top-section elementor-element elementor-element-06cca60 elementor-section-full_width elementor-section-content-middle elementor-section-height-min-height elementor-section-height-default elementor-section-items-middle\" data-id=\"06cca60\" data-element_type=\"section\" data-e-type=\"section\" data-settings=\"{&quot;background_background&quot;:&quot;classic&quot;}\">\n\t\t\t\t\t\t<div class=\"elementor-container elementor-column-gap-default\">\n\t\t\t\t\t<div class=\"elementor-column elementor-col-50 elementor-top-column elementor-element elementor-element-da76b8d\" data-id=\"da76b8d\" data-element_type=\"column\" data-e-type=\"column\" data-settings=\"{&quot;background_background&quot;:&quot;classic&quot;}\">\n\t\t\t<div class=\"elementor-widget-wrap elementor-element-populated\">\n\t\t\t\t\t\t<div class=\"elementor-element elementor-element-e232ac7 elementor-widget elementor-widget-heading\" data-id=\"e232ac7\" data-element_type=\"widget\" data-e-type=\"widget\" data-widget_type=\"heading.default\">\n\t\t\t\t<div class=\"elementor-widget-container\">\n\t\t\t\t\t<h2 class=\"elementor-heading-title elementor-size-default\">QUIENES SOMOS<\/h2>\t\t\t\t<\/div>\n\t\t\t\t<\/div>\n\t\t\t\t<div class=\"elementor-element elementor-element-b0dafe7 elementor-widget elementor-widget-text-editor\" data-id=\"b0dafe7\" data-element_type=\"widget\" data-e-type=\"widget\" data-widget_type=\"text-editor.default\">\n\t\t\t\t<div class=\"elementor-widget-container\">\n\t\t\t\t\t\t\t\t\t<p>En Huevohost nos definimos como el <em><strong>servicio de hosting econ\u00f3mico, ecol\u00f3gico y estable<\/strong><\/em>, en el que ofrecemos alojamiento web para almacenar y publicar informaci\u00f3n accesible por Internet.<\/p><p>El alojamiento web o web hosting ya puede considerarse como un commodity, as\u00ed que creemos que no es necesario que pagues altas sumas de dinero por tu hosting.<\/p><p>Somos ecol\u00f3gicos desde nuestros comienzos, hemos plantado <a href=\"https:\/\/app.reforestemos.org\/huevohost\"><em><strong>m\u00e1s de 100 \u00e1rboles en la Patagonia<\/strong><\/em> <\/a>y desde ahora donamos el 10% del valor de cada plan nuevo o renovado.<\/p><p>Nos preocupa la estabilidad de tu plan, <em><strong>asegurando el 99,9% de estabilidad<\/strong><\/em>, con servidores ubicados en varias zonas geogr\u00e1ficas para optimizar su rendimiento. Te preguntar\u00e1s qu\u00e9 pasa con ese 0,1%, y somos sinceros contigo, siempre existir\u00e1n distintas variables o causas que pueden afectar la estabilidad, algunas pueden ser internas o externas.<\/p>\t\t\t\t\t\t\t\t<\/div>\n\t\t\t\t<\/div>\n\t\t\t\t\t<\/div>\n\t\t<\/div>\n\t\t\t\t<div class=\"elementor-column elementor-col-50 elementor-top-column elementor-element elementor-element-4f8a55a\" data-id=\"4f8a55a\" data-element_type=\"column\" data-e-type=\"column\">\n\t\t\t<div class=\"elementor-widget-wrap elementor-element-populated\">\n\t\t\t\t\t\t<div class=\"elementor-element elementor-element-59d030d elementor-widget elementor-widget-image\" data-id=\"59d030d\" data-element_type=\"widget\" data-e-type=\"widget\" data-widget_type=\"image.default\">\n\t\t\t\t<div class=\"elementor-widget-container\">\n\t\t\t\t\t\t\t\t\t\t\t\t\t\t\t<img fetchpriority=\"high\" decoding=\"async\" width=\"960\" height=\"960\" src=\"https:\/\/huevohost.s3.sa-east-1.amazonaws.com\/planes\/wp-content\/uploads\/2022\/03\/26203716\/Huevo_quienes-somos.png\" class=\"attachment-full size-full wp-image-7167\" alt=\"\" srcset=\"https:\/\/huevohost.s3.sa-east-1.amazonaws.com\/planes\/wp-content\/uploads\/2022\/03\/26203716\/Huevo_quienes-somos.png 960w, https:\/\/huevohost.s3.sa-east-1.amazonaws.com\/planes\/wp-content\/uploads\/2022\/03\/26203716\/Huevo_quienes-somos-300x300.png 300w, https:\/\/huevohost.s3.sa-east-1.amazonaws.com\/planes\/wp-content\/uploads\/2022\/03\/26203716\/Huevo_quienes-somos-150x150.png 150w, https:\/\/huevohost.s3.sa-east-1.amazonaws.com\/planes\/wp-content\/uploads\/2022\/03\/26203716\/Huevo_quienes-somos-768x768.png 768w, https:\/\/huevohost.s3.sa-east-1.amazonaws.com\/planes\/wp-content\/uploads\/2022\/03\/26203716\/Huevo_quienes-somos-600x600.png 600w, https:\/\/huevohost.s3.sa-east-1.amazonaws.com\/planes\/wp-content\/uploads\/2022\/03\/26203716\/Huevo_quienes-somos-100x100.png 100w\" sizes=\"(max-width: 960px) 100vw, 960px\" \/>\t\t\t\t\t\t\t\t\t\t\t\t\t\t\t<\/div>\n\t\t\t\t<\/div>\n\t\t\t\t\t<\/div>\n\t\t<\/div>\n\t\t\t\t\t<\/div>\n\t\t<\/section>\n\t\t\t\t<section class=\"elementor-section elementor-top-section elementor-element elementor-element-6ffc7c0 elementor-section-full_width elementor-section-content-middle elementor-section-height-default elementor-section-height-default\" data-id=\"6ffc7c0\" data-element_type=\"section\" data-e-type=\"section\" data-settings=\"{&quot;background_background&quot;:&quot;classic&quot;}\">\n\t\t\t\t\t\t<div class=\"elementor-container elementor-column-gap-default\">\n\t\t\t\t\t<div class=\"elementor-column elementor-col-50 elementor-top-column elementor-element elementor-element-40b0772\" data-id=\"40b0772\" data-element_type=\"column\" data-e-type=\"column\">\n\t\t\t<div class=\"elementor-widget-wrap elementor-element-populated\">\n\t\t\t\t\t\t<div class=\"elementor-element elementor-element-3a3f76f elementor-widget elementor-widget-image\" data-id=\"3a3f76f\" data-element_type=\"widget\" data-e-type=\"widget\" data-widget_type=\"image.default\">\n\t\t\t\t<div class=\"elementor-widget-container\">\n\t\t\t\t\t\t\t\t\t\t\t\t\t\t\t<img decoding=\"async\" width=\"960\" height=\"960\" src=\"https:\/\/huevohost.s3.sa-east-1.amazonaws.com\/planes\/wp-content\/uploads\/2022\/03\/26203740\/Huevo_SERVICIO-DE-HOSTING-GARANTIZADO.png\" class=\"attachment-full size-full wp-image-5988\" alt=\"\" srcset=\"https:\/\/huevohost.s3.sa-east-1.amazonaws.com\/planes\/wp-content\/uploads\/2022\/03\/26203740\/Huevo_SERVICIO-DE-HOSTING-GARANTIZADO.png 960w, https:\/\/huevohost.s3.sa-east-1.amazonaws.com\/planes\/wp-content\/uploads\/2022\/03\/26203740\/Huevo_SERVICIO-DE-HOSTING-GARANTIZADO-300x300.png 300w, https:\/\/huevohost.s3.sa-east-1.amazonaws.com\/planes\/wp-content\/uploads\/2022\/03\/26203740\/Huevo_SERVICIO-DE-HOSTING-GARANTIZADO-150x150.png 150w, https:\/\/huevohost.s3.sa-east-1.amazonaws.com\/planes\/wp-content\/uploads\/2022\/03\/26203740\/Huevo_SERVICIO-DE-HOSTING-GARANTIZADO-768x768.png 768w, https:\/\/huevohost.s3.sa-east-1.amazonaws.com\/planes\/wp-content\/uploads\/2022\/03\/26203740\/Huevo_SERVICIO-DE-HOSTING-GARANTIZADO-600x600.png 600w, https:\/\/huevohost.s3.sa-east-1.amazonaws.com\/planes\/wp-content\/uploads\/2022\/03\/26203740\/Huevo_SERVICIO-DE-HOSTING-GARANTIZADO-100x100.png 100w\" sizes=\"(max-width: 960px) 100vw, 960px\" \/>\t\t\t\t\t\t\t\t\t\t\t\t\t\t\t<\/div>\n\t\t\t\t<\/div>\n\t\t\t\t\t<\/div>\n\t\t<\/div>\n\t\t\t\t<div class=\"elementor-column elementor-col-50 elementor-top-column elementor-element elementor-element-9dcf49d\" data-id=\"9dcf49d\" data-element_type=\"column\" data-e-type=\"column\" data-settings=\"{&quot;background_background&quot;:&quot;classic&quot;}\">\n\t\t\t<div class=\"elementor-widget-wrap elementor-element-populated\">\n\t\t\t\t\t\t<div class=\"elementor-element elementor-element-2374c97 elementor-widget elementor-widget-heading\" data-id=\"2374c97\" data-element_type=\"widget\" data-e-type=\"widget\" data-widget_type=\"heading.default\">\n\t\t\t\t<div class=\"elementor-widget-container\">\n\t\t\t\t\t<h2 class=\"elementor-heading-title elementor-size-default\">NUESTRA HISTORIA<\/h2>\t\t\t\t<\/div>\n\t\t\t\t<\/div>\n\t\t\t\t<div class=\"elementor-element elementor-element-563a82a elementor-widget elementor-widget-text-editor\" data-id=\"563a82a\" data-element_type=\"widget\" data-e-type=\"widget\" data-widget_type=\"text-editor.default\">\n\t\t\t\t<div class=\"elementor-widget-container\">\n\t\t\t\t\t\t\t\t\t<p>Huevohost es un producto de Playa Soluciones, con 10 a\u00f1os de experiencia. Desde sus comienzos hemos considerado que brindar \u201csolo hosting\u201d no es lo que buscan nuestros clientes, tambi\u00e9n necesitan un soporte personalizado, disponible y accesible, y nos hemos enfocado en acompa\u00f1arlos en sus distintas etapas \u00a1Hasta hemos hecho amigos en el camino!<\/p><p>En el transcurso de los a\u00f1os, hemos adaptado nuestro servicio a las necesidades de nuestros clientes, para que se enfoquen en lo que m\u00e1s sabe hacer, nosotros del hosting. Esa relaci\u00f3n ha permitido continuar con nuestros principios hasta hoy.<\/p>\t\t\t\t\t\t\t\t<\/div>\n\t\t\t\t<\/div>\n\t\t\t\t\t<\/div>\n\t\t<\/div>\n\t\t\t\t\t<\/div>\n\t\t<\/section>\n\t\t\t\t<\/div>\n\t\t","protected":false},"excerpt":{"rendered":"<p>QUIENES SOMOS En Huevohost nos definimos como el servicio de hosting econ\u00f3mico, ecol\u00f3gico y estable, en el que ofrecemos alojamiento web para almacenar y publicar informaci\u00f3n accesible por Internet. El alojamiento web o web hosting ya puede considerarse como un commodity, as\u00ed que creemos que no es necesario que pagues altas sumas de dinero por [&hellip;]<\/p>\n","protected":false},"author":2,"featured_media":0,"parent":0,"menu_order":0,"comment_status":"closed","ping_status":"closed","template":"elementor_header_footer","meta":{"inline_featured_image":false,"_uag_custom_page_level_css":"","footnotes":""},"class_list":["post-7079","page","type-page","status-publish","hentry"],"aioseo_notices":[],"uagb_featured_image_src":{"full":false,"thumbnail":false,"medium":false,"medium_large":false,"large":false,"1536x1536":false,"2048x2048":false,"woocommerce_thumbnail":false,"woocommerce_single":false,"woocommerce_gallery_thumbnail":false},"uagb_author_info":{"display_name":"Yoka Fern\u00e1ndez","author_link":"https:\/\/huevohost.com\/planes\/author\/yoka\/"},"uagb_comment_info":0,"uagb_excerpt":"QUIENES SOMOS En Huevohost nos definimos como el servicio de hosting econ\u00f3mico, ecol\u00f3gico y estable, en el que ofrecemos alojamiento web para almacenar y publicar informaci\u00f3n accesible por Internet. El alojamiento web o web hosting ya puede considerarse como un commodity, as\u00ed que creemos que no es necesario que pagues altas sumas de dinero por&hellip;","_links":{"self":[{"href":"https:\/\/huevohost.com\/planes\/wp-json\/wp\/v2\/pages\/7079","targetHints":{"allow":["GET"]}}],"collection":[{"href":"https:\/\/huevohost.com\/planes\/wp-json\/wp\/v2\/pages"}],"about":[{"href":"https:\/\/huevohost.com\/planes\/wp-json\/wp\/v2\/types\/page"}],"author":[{"embeddable":true,"href":"https:\/\/huevohost.com\/planes\/wp-json\/wp\/v2\/users\/2"}],"replies":[{"embeddable":true,"href":"https:\/\/huevohost.com\/planes\/wp-json\/wp\/v2\/comments?post=7079"}],"version-history":[{"count":3,"href":"https:\/\/huevohost.com\/planes\/wp-json\/wp\/v2\/pages\/7079\/revisions"}],"predecessor-version":[{"id":9402,"href":"https:\/\/huevohost.com\/planes\/wp-json\/wp\/v2\/pages\/7079\/revisions\/9402"}],"wp:attachment":[{"href":"https:\/\/huevohost.com\/planes\/wp-json\/wp\/v2\/media?parent=7079"}],"curies":[{"name":"wp","href":"https:\/\/api.w.org\/{rel}","templated":true}]}}